{"id":48,"date":"2024-02-11T23:11:36","date_gmt":"2024-02-11T22:11:36","guid":{"rendered":"https:\/\/celinenormand.com\/?page_id=48"},"modified":"2024-03-01T18:44:24","modified_gmt":"2024-03-01T17:44:24","slug":"tarifs-et-prestations","status":"publish","type":"page","link":"https:\/\/celinenormand.com\/index.php\/tarifs-et-prestations\/","title":{"rendered":"Tarifs et prestations"},"content":{"rendered":"\t\t<div data-elementor-type=\"wp-page\" data-elementor-id=\"48\" class=\"elementor elementor-48\">\n\t\t\t\t<div class=\"elementor-element elementor-element-2d6a61e e-flex e-con-boxed e-con e-parent\" data-id=\"2d6a61e\" data-element_type=\"container\" data-e-type=\"container\" data-settings=\"{&quot;background_background&quot;:&quot;classic&quot;}\">\n\t\t\t\t\t<div class=\"e-con-inner\">\n\t\t\t\t<div class=\"elementor-element elementor-element-6732275 elementor-widget elementor-widget-spacer\" data-id=\"6732275\" data-element_type=\"widget\" data-e-type=\"widget\" data-widget_type=\"spacer.default\">\n\t\t\t\t<div class=\"elementor-widget-container\">\n\t\t\t\t\t\t\t<div class=\"elementor-spacer\">\n\t\t\t<div class=\"elementor-spacer-inner\"><\/div>\n\t\t<\/div>\n\t\t\t\t\t\t<\/div>\n\t\t\t\t<\/div>\n\t\t\t\t<div class=\"elementor-element elementor-element-264e3ca elementor-widget elementor-widget-heading\" data-id=\"264e3ca\" data-element_type=\"widget\" data-e-type=\"widget\" data-widget_type=\"heading.default\">\n\t\t\t\t<div class=\"elementor-widget-container\">\n\t\t\t\t\t<h1 class=\"elementor-heading-title elementor-size-default\">Tarifs et prestations<\/h1>\t\t\t\t<\/div>\n\t\t\t\t<\/div>\n\t\t\t\t<div class=\"elementor-element elementor-element-ddefb72 elementor-widget elementor-widget-spacer\" data-id=\"ddefb72\" data-element_type=\"widget\" data-e-type=\"widget\" data-widget_type=\"spacer.default\">\n\t\t\t\t<div class=\"elementor-widget-container\">\n\t\t\t\t\t\t\t<div class=\"elementor-spacer\">\n\t\t\t<div class=\"elementor-spacer-inner\"><\/div>\n\t\t<\/div>\n\t\t\t\t\t\t<\/div>\n\t\t\t\t<\/div>\n\t\t\t\t\t<\/div>\n\t\t\t\t<\/div>\n\t\t<div class=\"elementor-element elementor-element-57b148b e-flex e-con-boxed e-con e-parent\" data-id=\"57b148b\" data-element_type=\"container\" data-e-type=\"container\" data-settings=\"{&quot;background_background&quot;:&quot;classic&quot;}\">\n\t\t\t\t\t<div class=\"e-con-inner\">\n\t\t<div class=\"elementor-element elementor-element-ff23c11 e-con-full elementor-hidden-mobile e-flex e-con e-child\" data-id=\"ff23c11\" data-element_type=\"container\" data-e-type=\"container\">\n\t\t\t\t<div class=\"elementor-element elementor-element-dd46d7b elementor-widget__width-initial elementor-widget elementor-widget-image\" data-id=\"dd46d7b\" data-element_type=\"widget\" data-e-type=\"widget\" data-widget_type=\"image.default\">\n\t\t\t\t<div class=\"elementor-widget-container\">\n\t\t\t\t\t\t\t\t\t\t\t\t\t\t\t<img fetchpriority=\"high\" decoding=\"async\" width=\"281\" height=\"344\" src=\"https:\/\/celinenormand.com\/wp-content\/uploads\/2024\/02\/Design-sans-titre-5.png\" class=\"attachment-large size-large wp-image-123\" alt=\"\" srcset=\"https:\/\/celinenormand.com\/wp-content\/uploads\/2024\/02\/Design-sans-titre-5.png 281w, https:\/\/celinenormand.com\/wp-content\/uploads\/2024\/02\/Design-sans-titre-5-245x300.png 245w\" sizes=\"(max-width: 281px) 100vw, 281px\" \/>\t\t\t\t\t\t\t\t\t\t\t\t\t\t\t<\/div>\n\t\t\t\t<\/div>\n\t\t\t\t<\/div>\n\t\t<div class=\"elementor-element elementor-element-d58b8cf e-con-full elementor-hidden-mobile e-flex e-con e-child\" data-id=\"d58b8cf\" data-element_type=\"container\" data-e-type=\"container\">\n\t\t\t\t<div class=\"elementor-element elementor-element-198855d elementor-widget__width-initial elementor-widget elementor-widget-image\" data-id=\"198855d\" data-element_type=\"widget\" data-e-type=\"widget\" data-widget_type=\"image.default\">\n\t\t\t\t<div class=\"elementor-widget-container\">\n\t\t\t\t\t\t\t\t\t\t\t\t\t\t\t<img decoding=\"async\" width=\"282\" height=\"342\" src=\"https:\/\/celinenormand.com\/wp-content\/uploads\/2024\/02\/people2.png\" class=\"attachment-large size-large wp-image-119\" alt=\"\" srcset=\"https:\/\/celinenormand.com\/wp-content\/uploads\/2024\/02\/people2.png 282w, https:\/\/celinenormand.com\/wp-content\/uploads\/2024\/02\/people2-247x300.png 247w\" sizes=\"(max-width: 282px) 100vw, 282px\" \/>\t\t\t\t\t\t\t\t\t\t\t\t\t\t\t<\/div>\n\t\t\t\t<\/div>\n\t\t\t\t<\/div>\n\t\t<div class=\"elementor-element elementor-element-1ec4946 e-con-full elementor-hidden-mobile e-flex e-con e-child\" data-id=\"1ec4946\" data-element_type=\"container\" data-e-type=\"container\">\n\t\t\t\t<div class=\"elementor-element elementor-element-f806abe elementor-widget__width-initial elementor-widget elementor-widget-image\" data-id=\"f806abe\" data-element_type=\"widget\" data-e-type=\"widget\" data-widget_type=\"image.default\">\n\t\t\t\t<div class=\"elementor-widget-container\">\n\t\t\t\t\t\t\t\t\t\t\t\t\t\t\t<img decoding=\"async\" width=\"282\" height=\"343\" src=\"https:\/\/celinenormand.com\/wp-content\/uploads\/2024\/02\/people3.png\" class=\"attachment-large size-large wp-image-120\" alt=\"\" srcset=\"https:\/\/celinenormand.com\/wp-content\/uploads\/2024\/02\/people3.png 282w, https:\/\/celinenormand.com\/wp-content\/uploads\/2024\/02\/people3-247x300.png 247w\" sizes=\"(max-width: 282px) 100vw, 282px\" \/>\t\t\t\t\t\t\t\t\t\t\t\t\t\t\t<\/div>\n\t\t\t\t<\/div>\n\t\t\t\t<\/div>\n\t\t\t\t\t<\/div>\n\t\t\t\t<\/div>\n\t\t<div class=\"elementor-element elementor-element-d414dab e-flex e-con-boxed e-con e-parent\" data-id=\"d414dab\" data-element_type=\"container\" data-e-type=\"container\" data-settings=\"{&quot;background_background&quot;:&quot;classic&quot;}\">\n\t\t\t\t\t<div class=\"e-con-inner\">\n\t\t<div class=\"elementor-element elementor-element-6ada393 e-con-full e-flex e-con e-child\" data-id=\"6ada393\" data-element_type=\"container\" data-e-type=\"container\" data-settings=\"{&quot;background_background&quot;:&quot;classic&quot;}\">\n\t\t\t\t<div class=\"elementor-element elementor-element-eda679a elementor-widget elementor-widget-spacer\" data-id=\"eda679a\" data-element_type=\"widget\" data-e-type=\"widget\" data-widget_type=\"spacer.default\">\n\t\t\t\t<div class=\"elementor-widget-container\">\n\t\t\t\t\t\t\t<div class=\"elementor-spacer\">\n\t\t\t<div class=\"elementor-spacer-inner\"><\/div>\n\t\t<\/div>\n\t\t\t\t\t\t<\/div>\n\t\t\t\t<\/div>\n\t\t\t\t<div class=\"elementor-element elementor-element-5a5778f elementor-widget elementor-widget-heading\" data-id=\"5a5778f\" data-element_type=\"widget\" data-e-type=\"widget\" data-widget_type=\"heading.default\">\n\t\t\t\t<div class=\"elementor-widget-container\">\n\t\t\t\t\t<h3 class=\"elementor-heading-title elementor-size-default\">S\u00e9ance individuelle<\/h3>\t\t\t\t<\/div>\n\t\t\t\t<\/div>\n\t\t\t\t<div class=\"elementor-element elementor-element-59febfa elementor-widget elementor-widget-text-editor\" data-id=\"59febfa\" data-element_type=\"widget\" data-e-type=\"widget\" data-widget_type=\"text-editor.default\">\n\t\t\t\t<div class=\"elementor-widget-container\">\n\t\t\t\t\t\t\t\t\t<p>En pr\u00e9sentiel ou en Visio<\/p>\n<p>Dur\u00e9e : 50min<\/p><p>(pr\u00e9voir 1h30 pour la premi\u00e8re s\u00e9ance)<br><\/p>\t\t\t\t\t\t\t\t<\/div>\n\t\t\t\t<\/div>\n\t\t\t\t<div class=\"elementor-element elementor-element-d1dcaa7 elementor-widget elementor-widget-heading\" data-id=\"d1dcaa7\" data-element_type=\"widget\" data-e-type=\"widget\" data-widget_type=\"heading.default\">\n\t\t\t\t<div class=\"elementor-widget-container\">\n\t\t\t\t\t<p class=\"elementor-heading-title elementor-size-default\">50\u20ac<\/p>\t\t\t\t<\/div>\n\t\t\t\t<\/div>\n\t\t\t\t<\/div>\n\t\t<div class=\"elementor-element elementor-element-31e9d70 e-con-full e-flex e-con e-child\" data-id=\"31e9d70\" data-element_type=\"container\" data-e-type=\"container\" data-settings=\"{&quot;background_background&quot;:&quot;classic&quot;}\">\n\t\t\t\t<div class=\"elementor-element elementor-element-8070bb6 elementor-widget elementor-widget-spacer\" data-id=\"8070bb6\" data-element_type=\"widget\" data-e-type=\"widget\" data-widget_type=\"spacer.default\">\n\t\t\t\t<div class=\"elementor-widget-container\">\n\t\t\t\t\t\t\t<div class=\"elementor-spacer\">\n\t\t\t<div class=\"elementor-spacer-inner\"><\/div>\n\t\t<\/div>\n\t\t\t\t\t\t<\/div>\n\t\t\t\t<\/div>\n\t\t\t\t<div class=\"elementor-element elementor-element-e5d2202 elementor-widget elementor-widget-heading\" data-id=\"e5d2202\" data-element_type=\"widget\" data-e-type=\"widget\" data-widget_type=\"heading.default\">\n\t\t\t\t<div class=\"elementor-widget-container\">\n\t\t\t\t\t<h3 class=\"elementor-heading-title elementor-size-default\">S\u00e9ance groupe<\/h3>\t\t\t\t<\/div>\n\t\t\t\t<\/div>\n\t\t\t\t<div class=\"elementor-element elementor-element-e8acba7 elementor-widget elementor-widget-text-editor\" data-id=\"e8acba7\" data-element_type=\"widget\" data-e-type=\"widget\" data-widget_type=\"text-editor.default\">\n\t\t\t\t<div class=\"elementor-widget-container\">\n\t\t\t\t\t\t\t\t\t<p class=\"cvGsUA direction-ltr align-start para-style-body\"><span class=\"OYPEnA text-decoration-none text-strikethrough-none\">En pr\u00e9sentiel<\/span><\/p>\n<p class=\"cvGsUA direction-ltr align-start para-style-body\"><span class=\"OYPEnA text-decoration-none text-strikethrough-none\">S\u00e9ance de d\u00e9couverte et de relaxation \u00e0 plusieurs<\/span><\/p>\n<p class=\"cvGsUA direction-ltr align-start para-style-body\"><span class=\"OYPEnA text-decoration-none text-strikethrough-none\">Dur\u00e9e : 1h30<\/span><\/p>\t\t\t\t\t\t\t\t<\/div>\n\t\t\t\t<\/div>\n\t\t\t\t<div class=\"elementor-element elementor-element-cc5b638 elementor-widget elementor-widget-heading\" data-id=\"cc5b638\" data-element_type=\"widget\" data-e-type=\"widget\" data-widget_type=\"heading.default\">\n\t\t\t\t<div class=\"elementor-widget-container\">\n\t\t\t\t\t<p class=\"elementor-heading-title elementor-size-default\">Devis<\/p>\t\t\t\t<\/div>\n\t\t\t\t<\/div>\n\t\t\t\t<\/div>\n\t\t<div class=\"elementor-element elementor-element-c7ab635 e-con-full e-flex e-con e-child\" data-id=\"c7ab635\" data-element_type=\"container\" data-e-type=\"container\" data-settings=\"{&quot;background_background&quot;:&quot;classic&quot;}\">\n\t\t\t\t<div class=\"elementor-element elementor-element-c931351 elementor-widget elementor-widget-spacer\" data-id=\"c931351\" data-element_type=\"widget\" data-e-type=\"widget\" data-widget_type=\"spacer.default\">\n\t\t\t\t<div class=\"elementor-widget-container\">\n\t\t\t\t\t\t\t<div class=\"elementor-spacer\">\n\t\t\t<div class=\"elementor-spacer-inner\"><\/div>\n\t\t<\/div>\n\t\t\t\t\t\t<\/div>\n\t\t\t\t<\/div>\n\t\t\t\t<div class=\"elementor-element elementor-element-8eb36fd elementor-widget elementor-widget-heading\" data-id=\"8eb36fd\" data-element_type=\"widget\" data-e-type=\"widget\" data-widget_type=\"heading.default\">\n\t\t\t\t<div class=\"elementor-widget-container\">\n\t\t\t\t\t<h3 class=\"elementor-heading-title elementor-size-default\">Entreprise<\/h3>\t\t\t\t<\/div>\n\t\t\t\t<\/div>\n\t\t\t\t<div class=\"elementor-element elementor-element-364286f elementor-widget elementor-widget-text-editor\" data-id=\"364286f\" data-element_type=\"widget\" data-e-type=\"widget\" data-widget_type=\"text-editor.default\">\n\t\t\t\t<div class=\"elementor-widget-container\">\n\t\t\t\t\t\t\t\t\t<p>En pr\u00e9sentiel<\/p>\n<p>Participants : \u00e0 d\u00e9terminer<\/p>\n<p>Dur\u00e9e : \u00e0 d\u00e9terminer<\/p>\t\t\t\t\t\t\t\t<\/div>\n\t\t\t\t<\/div>\n\t\t\t\t<div class=\"elementor-element elementor-element-1c48b14 elementor-widget elementor-widget-heading\" data-id=\"1c48b14\" data-element_type=\"widget\" data-e-type=\"widget\" data-widget_type=\"heading.default\">\n\t\t\t\t<div class=\"elementor-widget-container\">\n\t\t\t\t\t<p class=\"elementor-heading-title elementor-size-default\">Devis<\/p>\t\t\t\t<\/div>\n\t\t\t\t<\/div>\n\t\t\t\t<\/div>\n\t\t\t\t\t<\/div>\n\t\t\t\t<\/div>\n\t\t<div class=\"elementor-element elementor-element-b26f8b8 e-flex e-con-boxed e-con e-parent\" data-id=\"b26f8b8\" data-element_type=\"container\" data-e-type=\"container\" data-settings=\"{&quot;background_background&quot;:&quot;classic&quot;}\">\n\t\t\t\t\t<div class=\"e-con-inner\">\n\t\t\t\t<div class=\"elementor-element elementor-element-a15dcb7 elementor-widget elementor-widget-text-editor\" data-id=\"a15dcb7\" data-element_type=\"widget\" data-e-type=\"widget\" data-widget_type=\"text-editor.default\">\n\t\t\t\t<div class=\"elementor-widget-container\">\n\t\t\t\t\t\t\t\t\t<p class=\"cvGsUA direction-ltr align-start para-style-body\"><span class=\"OYPEnA text-decoration-none text-strikethrough-none\">R\u00e8glement par esp\u00e8ces ou ch\u00e8que.<\/span><\/p><p class=\"cvGsUA direction-ltr align-start para-style-body\"><span class=\"OYPEnA text-decoration-none text-strikethrough-none\">\u200b<\/span><\/p><p class=\"cvGsUA direction-ltr align-start para-style-body\"><span class=\"OYPEnA text-decoration-none text-strikethrough-none\">Les s\u00e9ances de sophrologie ne sont pas rembours\u00e9es par l&#8217;Assurance Maladie mais une partie des s\u00e9ances peut \u00eatre prise en charge par certaines mutuelles.<\/span><\/p>\t\t\t\t\t\t\t\t<\/div>\n\t\t\t\t<\/div>\n\t\t\t\t\t<\/div>\n\t\t\t\t<\/div>\n\t\t<div class=\"elementor-element elementor-element-fbd19fe e-flex e-con-boxed e-con e-parent\" data-id=\"fbd19fe\" data-element_type=\"container\" data-e-type=\"container\" data-settings=\"{&quot;background_background&quot;:&quot;classic&quot;}\">\n\t\t\t\t\t<div class=\"e-con-inner\">\n\t\t\t\t<div class=\"elementor-element elementor-element-2b15ac9 elementor-widget elementor-widget-spacer\" data-id=\"2b15ac9\" data-element_type=\"widget\" data-e-type=\"widget\" data-widget_type=\"spacer.default\">\n\t\t\t\t<div class=\"elementor-widget-container\">\n\t\t\t\t\t\t\t<div class=\"elementor-spacer\">\n\t\t\t<div class=\"elementor-spacer-inner\"><\/div>\n\t\t<\/div>\n\t\t\t\t\t\t<\/div>\n\t\t\t\t<\/div>\n\t\t\t\t<div class=\"elementor-element elementor-element-66597fe elementor-widget elementor-widget-text-editor\" data-id=\"66597fe\" data-element_type=\"widget\" data-e-type=\"widget\" data-widget_type=\"text-editor.default\">\n\t\t\t\t<div class=\"elementor-widget-container\">\n\t\t\t\t\t\t\t\t\t<p><span class=\"OYPEnA text-decoration-none text-strikethrough-none\">Si vous souhaitez plus d\u2019informations<\/span><\/p>\t\t\t\t\t\t\t\t<\/div>\n\t\t\t\t<\/div>\n\t\t\t\t<div class=\"elementor-element elementor-element-36eeb6b elementor-widget elementor-widget-heading\" data-id=\"36eeb6b\" data-element_type=\"widget\" data-e-type=\"widget\" data-widget_type=\"heading.default\">\n\t\t\t\t<div class=\"elementor-widget-container\">\n\t\t\t\t\t<h2 class=\"elementor-heading-title elementor-size-default\"><a href=\"https:\/\/celinenormand.com\/index.php\/me-contacter\/\">Contactez-moi<\/a><\/h2>\t\t\t\t<\/div>\n\t\t\t\t<\/div>\n\t\t\t\t<div class=\"elementor-element elementor-element-89ac023 elementor-widget elementor-widget-spacer\" data-id=\"89ac023\" data-element_type=\"widget\" data-e-type=\"widget\" data-widget_type=\"spacer.default\">\n\t\t\t\t<div class=\"elementor-widget-container\">\n\t\t\t\t\t\t\t<div class=\"elementor-spacer\">\n\t\t\t<div class=\"elementor-spacer-inner\"><\/div>\n\t\t<\/div>\n\t\t\t\t\t\t<\/div>\n\t\t\t\t<\/div>\n\t\t\t\t\t<\/div>\n\t\t\t\t<\/div>\n\t\t<div class=\"elementor-element elementor-element-5ffca16f e-con-full e-flex e-con e-parent\" data-id=\"5ffca16f\" data-element_type=\"container\" data-e-type=\"container\" data-settings=\"{&quot;background_background&quot;:&quot;classic&quot;}\">\n\t\t<div class=\"elementor-element elementor-element-42837a5 e-con-full e-flex e-con e-child\" data-id=\"42837a5\" data-element_type=\"container\" data-e-type=\"container\">\n\t\t\t\t<div class=\"elementor-element elementor-element-502b33dc elementor-widget elementor-widget-spacer\" data-id=\"502b33dc\" data-element_type=\"widget\" data-e-type=\"widget\" data-widget_type=\"spacer.default\">\n\t\t\t\t<div class=\"elementor-widget-container\">\n\t\t\t\t\t\t\t<div class=\"elementor-spacer\">\n\t\t\t<div class=\"elementor-spacer-inner\"><\/div>\n\t\t<\/div>\n\t\t\t\t\t\t<\/div>\n\t\t\t\t<\/div>\n\t\t\t\t<div class=\"elementor-element elementor-element-57010bf7 elementor-widget__width-initial elementor-widget elementor-widget-image\" data-id=\"57010bf7\" data-element_type=\"widget\" data-e-type=\"widget\" data-widget_type=\"image.default\">\n\t\t\t\t<div class=\"elementor-widget-container\">\n\t\t\t\t\t\t\t\t\t\t\t\t\t\t\t<img loading=\"lazy\" decoding=\"async\" width=\"194\" height=\"92\" src=\"https:\/\/celinenormand.com\/wp-content\/uploads\/2024\/02\/celinesophro.png\" class=\"attachment-full size-full wp-image-7\" alt=\"\" \/>\t\t\t\t\t\t\t\t\t\t\t\t\t\t\t<\/div>\n\t\t\t\t<\/div>\n\t\t\t\t<\/div>\n\t\t<div class=\"elementor-element elementor-element-67e1e8ce e-con-full e-flex e-con e-child\" data-id=\"67e1e8ce\" data-element_type=\"container\" data-e-type=\"container\">\n\t\t\t\t<div class=\"elementor-element elementor-element-406b2727 elementor-widget elementor-widget-spacer\" data-id=\"406b2727\" data-element_type=\"widget\" data-e-type=\"widget\" data-widget_type=\"spacer.default\">\n\t\t\t\t<div class=\"elementor-widget-container\">\n\t\t\t\t\t\t\t<div class=\"elementor-spacer\">\n\t\t\t<div class=\"elementor-spacer-inner\"><\/div>\n\t\t<\/div>\n\t\t\t\t\t\t<\/div>\n\t\t\t\t<\/div>\n\t\t\t\t<\/div>\n\t\t<div class=\"elementor-element elementor-element-1da3d3dd e-con-full e-flex e-con e-child\" data-id=\"1da3d3dd\" data-element_type=\"container\" data-e-type=\"container\">\n\t\t\t\t<div class=\"elementor-element elementor-element-231d83bb elementor-widget elementor-widget-spacer\" data-id=\"231d83bb\" data-element_type=\"widget\" data-e-type=\"widget\" data-widget_type=\"spacer.default\">\n\t\t\t\t<div class=\"elementor-widget-container\">\n\t\t\t\t\t\t\t<div class=\"elementor-spacer\">\n\t\t\t<div class=\"elementor-spacer-inner\"><\/div>\n\t\t<\/div>\n\t\t\t\t\t\t<\/div>\n\t\t\t\t<\/div>\n\t\t\t\t<div class=\"elementor-element elementor-element-30775b50 elementor-widget elementor-widget-image\" data-id=\"30775b50\" data-element_type=\"widget\" data-e-type=\"widget\" data-widget_type=\"image.default\">\n\t\t\t\t<div class=\"elementor-widget-container\">\n\t\t\t\t\t\t\t\t\t\t\t\t\t\t\t<img loading=\"lazy\" decoding=\"async\" width=\"600\" height=\"600\" src=\"https:\/\/celinenormand.com\/wp-content\/uploads\/2024\/02\/58485698e0bb315b0f7675a8.png\" class=\"attachment-large size-large wp-image-74\" alt=\"\" srcset=\"https:\/\/celinenormand.com\/wp-content\/uploads\/2024\/02\/58485698e0bb315b0f7675a8.png 600w, https:\/\/celinenormand.com\/wp-content\/uploads\/2024\/02\/58485698e0bb315b0f7675a8-300x300.png 300w, https:\/\/celinenormand.com\/wp-content\/uploads\/2024\/02\/58485698e0bb315b0f7675a8-150x150.png 150w\" sizes=\"(max-width: 600px) 100vw, 600px\" \/>\t\t\t\t\t\t\t\t\t\t\t\t\t\t\t<\/div>\n\t\t\t\t<\/div>\n\t\t\t\t<div class=\"elementor-element elementor-element-650e1d62 elementor-widget elementor-widget-image\" data-id=\"650e1d62\" data-element_type=\"widget\" data-e-type=\"widget\" data-widget_type=\"image.default\">\n\t\t\t\t<div class=\"elementor-widget-container\">\n\t\t\t\t\t\t\t\t\t\t\t\t\t\t\t<img loading=\"lazy\" decoding=\"async\" width=\"600\" height=\"600\" src=\"https:\/\/celinenormand.com\/wp-content\/uploads\/2024\/02\/5a4525f5546ddca7e1fcbc86.png\" class=\"attachment-large size-large wp-image-75\" alt=\"\" srcset=\"https:\/\/celinenormand.com\/wp-content\/uploads\/2024\/02\/5a4525f5546ddca7e1fcbc86.png 600w, https:\/\/celinenormand.com\/wp-content\/uploads\/2024\/02\/5a4525f5546ddca7e1fcbc86-300x300.png 300w, https:\/\/celinenormand.com\/wp-content\/uploads\/2024\/02\/5a4525f5546ddca7e1fcbc86-150x150.png 150w\" sizes=\"(max-width: 600px) 100vw, 600px\" \/>\t\t\t\t\t\t\t\t\t\t\t\t\t\t\t<\/div>\n\t\t\t\t<\/div>\n\t\t\t\t<\/div>\n\t\t<div class=\"elementor-element elementor-element-59b93c8e e-con-full e-flex e-con e-child\" data-id=\"59b93c8e\" data-element_type=\"container\" data-e-type=\"container\">\n\t\t\t\t<div class=\"elementor-element elementor-element-6588954 elementor-widget elementor-widget-text-editor\" data-id=\"6588954\" data-element_type=\"widget\" data-e-type=\"widget\" data-widget_type=\"text-editor.default\">\n\t\t\t\t<div class=\"elementor-widget-container\">\n\t\t\t\t\t\t\t\t\t<p>Me contacter :<\/p>\t\t\t\t\t\t\t\t<\/div>\n\t\t\t\t<\/div>\n\t\t\t\t<div class=\"elementor-element elementor-element-797fa571 elementor-widget elementor-widget-text-editor\" data-id=\"797fa571\" data-element_type=\"widget\" data-e-type=\"widget\" data-widget_type=\"text-editor.default\">\n\t\t\t\t<div class=\"elementor-widget-container\">\n\t\t\t\t\t\t\t\t\t<p>celinenormand.sophro@gmail.com<\/p>\t\t\t\t\t\t\t\t<\/div>\n\t\t\t\t<\/div>\n\t\t\t\t<div class=\"elementor-element elementor-element-5d60db16 elementor-widget elementor-widget-text-editor\" data-id=\"5d60db16\" data-element_type=\"widget\" data-e-type=\"widget\" data-widget_type=\"text-editor.default\">\n\t\t\t\t<div class=\"elementor-widget-container\">\n\t\t\t\t\t\t\t\t\t<p>06.20.76.50.18<\/p>\t\t\t\t\t\t\t\t<\/div>\n\t\t\t\t<\/div>\n\t\t\t\t<\/div>\n\t\t<div class=\"elementor-element elementor-element-2e9ad3d7 e-con-full e-flex e-con e-child\" data-id=\"2e9ad3d7\" data-element_type=\"container\" data-e-type=\"container\">\n\t\t\t\t<div class=\"elementor-element elementor-element-2b7306c0 elementor-widget elementor-widget-spacer\" data-id=\"2b7306c0\" data-element_type=\"widget\" data-e-type=\"widget\" data-widget_type=\"spacer.default\">\n\t\t\t\t<div class=\"elementor-widget-container\">\n\t\t\t\t\t\t\t<div class=\"elementor-spacer\">\n\t\t\t<div class=\"elementor-spacer-inner\"><\/div>\n\t\t<\/div>\n\t\t\t\t\t\t<\/div>\n\t\t\t\t<\/div>\n\t\t\t\t<\/div>\n\t\t<div class=\"elementor-element elementor-element-7e6b26ef e-con-full e-flex e-con e-child\" data-id=\"7e6b26ef\" data-element_type=\"container\" data-e-type=\"container\">\n\t\t\t\t<div class=\"elementor-element elementor-element-11389a49 elementor-widget__width-initial elementor-widget-mobile__width-initial elementor-widget elementor-widget-image\" data-id=\"11389a49\" data-element_type=\"widget\" data-e-type=\"widget\" data-widget_type=\"image.default\">\n\t\t\t\t<div class=\"elementor-widget-container\">\n\t\t\t\t\t\t\t\t\t\t\t\t\t\t\t\t<a href=\"https:\/\/www.instagram.com\/celine_sophroharmonie\/\">\n\t\t\t\t\t\t\t<img loading=\"lazy\" decoding=\"async\" width=\"512\" height=\"512\" src=\"https:\/\/celinenormand.com\/wp-content\/uploads\/2024\/02\/87390.png\" class=\"attachment-full size-full wp-image-69\" alt=\"\" srcset=\"https:\/\/celinenormand.com\/wp-content\/uploads\/2024\/02\/87390.png 512w, https:\/\/celinenormand.com\/wp-content\/uploads\/2024\/02\/87390-300x300.png 300w, https:\/\/celinenormand.com\/wp-content\/uploads\/2024\/02\/87390-150x150.png 150w\" sizes=\"(max-width: 512px) 100vw, 512px\" \/>\t\t\t\t\t\t\t\t<\/a>\n\t\t\t\t\t\t\t\t\t\t\t\t\t\t\t<\/div>\n\t\t\t\t<\/div>\n\t\t\t\t<\/div>\n\t\t<div class=\"elementor-element elementor-element-7a9e7794 e-con-full e-flex e-con e-child\" data-id=\"7a9e7794\" data-element_type=\"container\" data-e-type=\"container\">\n\t\t\t\t<div class=\"elementor-element elementor-element-75009d94 elementor-widget__width-initial elementor-widget-mobile__width-initial elementor-widget elementor-widget-image\" data-id=\"75009d94\" data-element_type=\"widget\" data-e-type=\"widget\" data-widget_type=\"image.default\">\n\t\t\t\t<div class=\"elementor-widget-container\">\n\t\t\t\t\t\t\t\t\t\t\t\t\t\t\t<img loading=\"lazy\" decoding=\"async\" width=\"512\" height=\"512\" src=\"https:\/\/celinenormand.com\/wp-content\/uploads\/2024\/02\/icone-linkedin-ronde-noire.png\" class=\"attachment-full size-full wp-image-73\" alt=\"\" srcset=\"https:\/\/celinenormand.com\/wp-content\/uploads\/2024\/02\/icone-linkedin-ronde-noire.png 512w, https:\/\/celinenormand.com\/wp-content\/uploads\/2024\/02\/icone-linkedin-ronde-noire-300x300.png 300w, https:\/\/celinenormand.com\/wp-content\/uploads\/2024\/02\/icone-linkedin-ronde-noire-150x150.png 150w\" sizes=\"(max-width: 512px) 100vw, 512px\" \/>\t\t\t\t\t\t\t\t\t\t\t\t\t\t\t<\/div>\n\t\t\t\t<\/div>\n\t\t\t\t<\/div>\n\t\t\t\t<\/div>\n\t\t\t\t<\/div>\n\t\t","protected":false},"excerpt":{"rendered":"<p>Tarifs et prestations S\u00e9ance individuelle En pr\u00e9sentiel ou en Visio Dur\u00e9e : 50min (pr\u00e9voir 1h30 pour la premi\u00e8re s\u00e9ance) 50\u20ac S\u00e9ance groupe En pr\u00e9sentiel S\u00e9ance de d\u00e9couverte et de relaxation \u00e0 plusieurs Dur\u00e9e : 1h30 Devis Entreprise En pr\u00e9sentiel Participants : \u00e0 d\u00e9terminer Dur\u00e9e : \u00e0 d\u00e9terminer Devis R\u00e8glement par esp\u00e8ces ou ch\u00e8que. \u200b Les [&hellip;]<\/p>\n","protected":false},"author":1,"featured_media":0,"parent":0,"menu_order":0,"comment_status":"closed","ping_status":"closed","template":"","meta":{"footnotes":""},"class_list":["post-48","page","type-page","status-publish","hentry"],"_links":{"self":[{"href":"https:\/\/celinenormand.com\/index.php\/wp-json\/wp\/v2\/pages\/48","targetHints":{"allow":["GET"]}}],"collection":[{"href":"https:\/\/celinenormand.com\/index.php\/wp-json\/wp\/v2\/pages"}],"about":[{"href":"https:\/\/celinenormand.com\/index.php\/wp-json\/wp\/v2\/types\/page"}],"author":[{"embeddable":true,"href":"https:\/\/celinenormand.com\/index.php\/wp-json\/wp\/v2\/users\/1"}],"replies":[{"embeddable":true,"href":"https:\/\/celinenormand.com\/index.php\/wp-json\/wp\/v2\/comments?post=48"}],"version-history":[{"count":49,"href":"https:\/\/celinenormand.com\/index.php\/wp-json\/wp\/v2\/pages\/48\/revisions"}],"predecessor-version":[{"id":269,"href":"https:\/\/celinenormand.com\/index.php\/wp-json\/wp\/v2\/pages\/48\/revisions\/269"}],"wp:attachment":[{"href":"https:\/\/celinenormand.com\/index.php\/wp-json\/wp\/v2\/media?parent=48"}],"curies":[{"name":"wp","href":"https:\/\/api.w.org\/{rel}","templated":true}]}}